{"id":267,"date":"2025-10-19T13:09:48","date_gmt":"2025-10-19T11:09:48","guid":{"rendered":"https:\/\/www.theladypirates.nl\/?page_id=267"},"modified":"2025-12-13T12:18:45","modified_gmt":"2025-12-13T11:18:45","slug":"home-2","status":"publish","type":"page","link":"https:\/\/www.theladypirates.nl\/de\/","title":{"rendered":"home"},"content":{"rendered":"<div data-elementor-type=\"wp-page\" data-elementor-id=\"267\" class=\"elementor elementor-267\">\n\t\t\t\t<div class=\"elementor-element elementor-element-214d3fb e-flex e-con-boxed e-con e-parent\" data-id=\"214d3fb\" data-element_type=\"container\" data-e-type=\"container\">\n\t\t\t\t\t<div class=\"e-con-inner\">\n\t\t\t\t<div class=\"elementor-element elementor-element-ae6f40f elementor-widget elementor-widget-image\" data-id=\"ae6f40f\" data-element_type=\"widget\" data-e-type=\"widget\" data-widget_type=\"image.default\">\n\t\t\t\t\t\t\t\t\t\t\t\t\t\t\t<img fetchpriority=\"high\" decoding=\"async\" width=\"1024\" height=\"650\" src=\"https:\/\/www.theladypirates.nl\/wp-content\/uploads\/2025\/10\/Foto-koor-1024x650.jpg\" class=\"attachment-large size-large wp-image-251\" alt=\"TheLadyPirates\" srcset=\"https:\/\/www.theladypirates.nl\/wp-content\/uploads\/2025\/10\/Foto-koor-1024x650.jpg 1024w, https:\/\/www.theladypirates.nl\/wp-content\/uploads\/2025\/10\/Foto-koor-300x191.jpg 300w, https:\/\/www.theladypirates.nl\/wp-content\/uploads\/2025\/10\/Foto-koor-768x488.jpg 768w, https:\/\/www.theladypirates.nl\/wp-content\/uploads\/2025\/10\/Foto-koor-1536x975.jpg 1536w, https:\/\/www.theladypirates.nl\/wp-content\/uploads\/2025\/10\/Foto-koor-2048x1301.jpg 2048w\" sizes=\"(max-width: 1024px) 100vw, 1024px\" \/>\t\t\t\t\t\t\t\t\t\t\t\t\t\t\t<\/div>\n\t\t\t\t\t<\/div>\n\t\t\t\t<\/div>\n\t\t<div class=\"elementor-element elementor-element-bec81c7 e-flex e-con-boxed e-con e-parent\" data-id=\"bec81c7\" data-element_type=\"container\" data-e-type=\"container\">\n\t\t\t\t\t<div class=\"e-con-inner\">\n\t\t\t\t<div class=\"elementor-element elementor-element-00538ec elementor-widget-mobile__width-initial elementor-widget elementor-widget-text-editor\" data-id=\"00538ec\" data-element_type=\"widget\" data-e-type=\"widget\" data-widget_type=\"text-editor.default\">\n\t\t\t\t\t\t\t\t\t<p><span style=\"font-family: inherit; font-size: inherit; font-style: inherit; font-variant-ligatures: inherit; font-variant-caps: inherit; font-weight: inherit;\">Ein begeisterter Frauenchor aus Winschoten, der seit 1999 mit Leidenschaft und Freude auftritt.<\/span><\/p><p>\u00a0\u00a0\u00a0 Unser Chor besteht aus 25 Damen, die von einer Gruppe talentierter Musiker auf Akkordeon, Mundharmonika, Steirischer Harmonika, Gitarre, Bassgitarre und Schlagzeug unterst\u00fctzt werden.<\/p><p>\u00a0\u00a0\u00a0 Gemeinsam f\u00fchren wir ein breites Repertoire an bekannten Liedern in Niederl\u00e4ndisch, Deutsch, Englisch und in dialekt auf.<\/p><p>\u00a0\u00a0\u00a0 Wir sind regelm\u00e4\u00dfig in Pflegeheimen, auf Festivals und (Indoor-)Veranstaltungen im In- und Ausland anzutreffen, aber Sie k\u00f6nnen uns auch f\u00fcr jede andere Party buchen. .<\/p><p>\u00a0\u00a0\u00a0 Mit unserer Musik sorgen wir f\u00fcr eine gem\u00fctliche Atmosph\u00e4re und einen Auftritt voller Spa\u00df. .<\/p><p>\u00a0\u00a0\u00a0 M\u00f6chten Sie weitere Informationen oder eine Reservierungsanfrage stellen?<\/p><p>\u00a0\u00a0\u00a0 Dann nehmen Sie <span style=\"color: #ff0000;\"><strong><a style=\"color: #ff0000;\" href=\"mailto:info@theladypirates.nl\">Kontakt<\/a><\/strong><\/span>\u00a0mit uns!<\/p>\t\t\t\t\t\t\t\t<\/div>\n\t\t\t\t\t<\/div>\n\t\t\t\t<\/div>\n\t\t\t\t<\/div>","protected":false},"excerpt":{"rendered":"<p>Een enthousiast dameskoor uit Winschoten dat al sinds 1999 optreedt met veel passie en plezier. \u00a0\u00a0\u00a0 Ons koor bestaat uit 25 dames, ondersteund door een groep getalenteerde muzikanten op accordeon, [&hellip;]<\/p>\n","protected":false},"author":1,"featured_media":0,"parent":0,"menu_order":0,"comment_status":"closed","ping_status":"closed","template":"","meta":{"_eb_attr":"","ngg_post_thumbnail":0,"footnotes":""},"class_list":["post-267","page","type-page","status-publish","hentry"],"blocksy_meta":[],"_links":{"self":[{"href":"https:\/\/www.theladypirates.nl\/de\/wp-json\/wp\/v2\/pages\/267","targetHints":{"allow":["GET"]}}],"collection":[{"href":"https:\/\/www.theladypirates.nl\/de\/wp-json\/wp\/v2\/pages"}],"about":[{"href":"https:\/\/www.theladypirates.nl\/de\/wp-json\/wp\/v2\/types\/page"}],"author":[{"embeddable":true,"href":"https:\/\/www.theladypirates.nl\/de\/wp-json\/wp\/v2\/users\/1"}],"replies":[{"embeddable":true,"href":"https:\/\/www.theladypirates.nl\/de\/wp-json\/wp\/v2\/comments?post=267"}],"version-history":[{"count":52,"href":"https:\/\/www.theladypirates.nl\/de\/wp-json\/wp\/v2\/pages\/267\/revisions"}],"predecessor-version":[{"id":1584,"href":"https:\/\/www.theladypirates.nl\/de\/wp-json\/wp\/v2\/pages\/267\/revisions\/1584"}],"wp:attachment":[{"href":"https:\/\/www.theladypirates.nl\/de\/wp-json\/wp\/v2\/media?parent=267"}],"curies":[{"name":"wp","href":"https:\/\/api.w.org\/{rel}","templated":true}]}}